{"id":1199,"date":"2019-11-14T23:02:49","date_gmt":"2019-11-14T23:02:49","guid":{"rendered":"https:\/\/www.flowtrips.com\/newsite\/about-us\/"},"modified":"2021-10-12T22:05:35","modified_gmt":"2021-10-12T22:05:35","slug":"nosotros","status":"publish","type":"page","link":"https:\/\/www.flowtrips.com\/es\/nosotros\/","title":{"rendered":"Nosotros"},"content":{"rendered":"\n<h2 class=\"wp-block-heading\">Una compa\u00f1\u00eda que ha revolucionado la manera de hacer viajes de aventura y naturalismo en Costa Rica.<\/h2>\n\n\n\n<p>Nuestra experiencia en r\u00edos, viajes de&nbsp; Kayak en el mar y naturalismo es uno de los beneficios por lo que se debe escoger Flow Trips, contando con el mejor equipo humano y especialmente cuando se trata de Rafting, kayak en el mar, viajes en bicicleta, caminatas y tours de historia natural, nos comprometemos a proveer alta calidad, experiencias memorables y viajes eco orientados.<\/p>\n\n\n\n<p>Uno de nuestros ases es nuestro altamente calificado equipo de Gu\u00edas, profesionales y amantes de la naturaleza, ellos cuentan con grandes habilidades en la navegaci\u00f3n de r\u00edos, costas mar\u00edtimas e historia natural de Costa Rica.<\/p>\n\n\n\n<p>Estamos comprometidos a poseer el mejor&nbsp; equipo humano que tenga una actitud positiva y orgullosos de llevar a cabo viajes de alta calidad en Costa Rica.<\/p>\n\n\n\n<p>Hemos trabajado para crear una compa\u00f1\u00eda de primera clase en viajes de eco-aventura que se preocupe por el cuidado de todo tipo de cliente ; desde nuestro equipo de&nbsp; administraci\u00f3n hasta nuestro protocolo de seguridad en el campo, el eslogan de nuestra compa\u00f1\u00eda siempre ser\u00e1: seguridad, y aventura de calidad orientada. Verdaderamente nos preocupamos por proveer la mejor experiencia.<\/p>\n\n\n\n<h2 class=\"wp-block-heading\">Nuestra atenci\u00f3n a la Seguridad<\/h2>\n\n\n\n<p>Nuestro equipo est\u00e1&nbsp; entrenado para entender y guiar personas en todos los niveles. Nuestros Gu\u00edas es esencial&nbsp; hacer de su aventura en Costa Rica una experiencia Inolvidable.<\/p>\n\n\n\n<p>Ellos est\u00e1n entrenados en manejo de grupos y diferentes embarcaciones en r\u00edos, lagos y el oc\u00e9ano as\u00ed como en&nbsp;RCP, primeros auxilios y rescate, certificados&nbsp; por la Federaci\u00f3n Internacional de Rafting y el INA para guiar tanto dentro como fuera del pa\u00eds.<\/p>\n\n\n\n<p>Nos ubicamos en una de las zonas m\u00e1s bellas de Costa Rica como lo es La Fortuna de San Carlos y bajo las faldas del impresionante Volc\u00e1n Arenal.<\/p>\n\n\n\n<p>En Flow Trips manejamos una filosof\u00eda especial para brindar a nuestros clientes, la mejor de sus experiencias en deportes de aventura y viajes de naturalismo.<\/p>\n\n\n\n<p>Adem\u00e1s de ser sus gu\u00edas, somos sus amigos y queremos que tengan la oportunidad de vivir con nosotros lo que hemos determinado \u201cExperiencia Flow\u201d.<\/p>\n\n\n\n<hr class=\"wp-block-separator\"\/>\n\n\n\n<div class=\"ghostkit-grid ghostkit-grid-gap-md\"><div class=\"ghostkit-grid-inner\">\n<div class=\"ghostkit-col ghostkit-col-md-12 ghostkit-col-4\"><div class=\"ghostkit-col-content is-layout-flow wp-block-ghostkit-grid-column-is-layout-flow\">\n<div class=\"wp-block-image\"><figure class=\"aligncenter size-large\"><img data-recalc-dims=\"1\" fetchpriority=\"high\" decoding=\"async\" width=\"1024\" height=\"1024\" src=\"https:\/\/i0.wp.com\/www.flowtrips.com\/wp-content\/uploads\/2021\/07\/Untitled-design-11.png?resize=1024%2C1024&#038;ssl=1\" alt=\"\" class=\"wp-image-3648\" srcset=\"https:\/\/i0.wp.com\/www.flowtrips.com\/wp-content\/uploads\/2021\/07\/Untitled-design-11.png?resize=1024%2C1024&amp;ssl=1 1024w, https:\/\/i0.wp.com\/www.flowtrips.com\/wp-content\/uploads\/2021\/07\/Untitled-design-11.png?resize=300%2C300&amp;ssl=1 300w, https:\/\/i0.wp.com\/www.flowtrips.com\/wp-content\/uploads\/2021\/07\/Untitled-design-11.png?resize=150%2C150&amp;ssl=1 150w, https:\/\/i0.wp.com\/www.flowtrips.com\/wp-content\/uploads\/2021\/07\/Untitled-design-11.png?resize=768%2C768&amp;ssl=1 768w, https:\/\/i0.wp.com\/www.flowtrips.com\/wp-content\/uploads\/2021\/07\/Untitled-design-11.png?w=1080&amp;ssl=1 1080w\" sizes=\"(max-width: 1024px) 100vw, 1024px\" \/><\/figure><\/div>\n\n\n\n<h2 class=\"has-text-align-center ghostkit-custom-ZqEh2J wp-block-heading\">Mauricio<\/h2>\n\n\n\n<p class=\"has-text-align-center has-text-color\" style=\"color:#bbbbbb\">Guia<\/p>\n\n\n\n<p class=\"has-text-align-center\"><span style=\"color:#80888e\" class=\"has-inline-color\">Mau ha trabajado en el turismo durante m\u00e1s de 18 a\u00f1os. Originario de San Ram\u00f3n, este joven entusiasta de la naturaleza ama la aventura pero especialmente el rafting, porque fue su primer trabajo.<br>Ha funcionado en California, Panam\u00e1 y por supuesto en toda Costa Rica como gu\u00eda de aventura, barranquismo y naturaleza.<br>Mau qued\u00f3 asombrado por la erupci\u00f3n del Volc\u00e1n Arenal y uno de sus animales favoritos es el Buitre Rey. En su tiempo libre le encanta cocinar, tomar fotos y jugar con sus hijos.<br>Su parte favorita de ser gu\u00eda es ayudar a otras personas y aprender sobre diferentes culturas.<\/span><\/p>\n\n\n\n<p class=\"has-text-color\" style=\"color:#949494\">.<\/p>\n<\/div><\/div>\n\n\n\n<div class=\"ghostkit-col ghostkit-col-md-12 ghostkit-col-4\"><div class=\"ghostkit-col-content is-layout-flow wp-block-ghostkit-grid-column-is-layout-flow\">\n<div class=\"wp-block-image\"><figure class=\"aligncenter size-large\"><img data-recalc-dims=\"1\" decoding=\"async\" width=\"1024\" height=\"1024\" src=\"https:\/\/i0.wp.com\/www.flowtrips.com\/wp-content\/uploads\/2021\/07\/Untitled-design-12.png?resize=1024%2C1024&#038;ssl=1\" alt=\"\" class=\"wp-image-3650\" srcset=\"https:\/\/i0.wp.com\/www.flowtrips.com\/wp-content\/uploads\/2021\/07\/Untitled-design-12.png?resize=1024%2C1024&amp;ssl=1 1024w, https:\/\/i0.wp.com\/www.flowtrips.com\/wp-content\/uploads\/2021\/07\/Untitled-design-12.png?resize=300%2C300&amp;ssl=1 300w, https:\/\/i0.wp.com\/www.flowtrips.com\/wp-content\/uploads\/2021\/07\/Untitled-design-12.png?resize=150%2C150&amp;ssl=1 150w, https:\/\/i0.wp.com\/www.flowtrips.com\/wp-content\/uploads\/2021\/07\/Untitled-design-12.png?resize=768%2C768&amp;ssl=1 768w, https:\/\/i0.wp.com\/www.flowtrips.com\/wp-content\/uploads\/2021\/07\/Untitled-design-12.png?w=1080&amp;ssl=1 1080w\" sizes=\"(max-width: 1024px) 100vw, 1024px\" \/><\/figure><\/div>\n\n\n\n<h2 class=\"has-text-align-center ghostkit-custom-1eDXjM wp-block-heading\">Rony<\/h2>\n\n\n\n<p class=\"has-text-align-center has-text-color\" style=\"color:#bbbbbb\">Guia<\/p>\n\n\n\n<p class=\"has-text-align-center\"><span style=\"color:#858d91\" class=\"has-inline-color\">Rony es nuestro kayakista de seguridad, lleva 7 a\u00f1os corriendo r\u00edos y le encantan las competiciones extremas de kayak, ha participado en varias de ellas.<br>Es de Sarapiqu\u00ed y casualmente es su parte favorita de Costa Rica por su riqueza natural y su muy apreciado R\u00edo de Aguas Blancas.<br>Como buen costarricense le encanta el Chifrijo, un plato tradicional.<br>De ni\u00f1o siempre le fascin\u00f3 la naturaleza, la conexi\u00f3n que podemos tener con la Madre Tierra, la combinaci\u00f3n de adrenalina y maravillosas vistas en los tours es algo que disfruta mucho y poder compartirlo con otras personas es gratificante. Tener este trabajo le ha hecho consciente de la importancia de cuidar nuestros r\u00edos y bosques, protegerlos y ense\u00f1ar a la gente sobre ello.<\/span><\/p>\n<\/div><\/div>\n\n\n\n<div class=\"ghostkit-col ghostkit-col-md-12 ghostkit-col-4\"><div class=\"ghostkit-col-content is-layout-flow wp-block-ghostkit-grid-column-is-layout-flow\">\n<div class=\"wp-block-image\"><figure class=\"aligncenter size-large\"><img data-recalc-dims=\"1\" decoding=\"async\" width=\"421\" height=\"422\" src=\"https:\/\/i0.wp.com\/www.flowtrips.com\/wp-content\/uploads\/2021\/07\/imagen_2021-07-16_150526.png?resize=421%2C422&#038;ssl=1\" alt=\"\" class=\"wp-image-3614\" srcset=\"https:\/\/i0.wp.com\/www.flowtrips.com\/wp-content\/uploads\/2021\/07\/imagen_2021-07-16_150526.png?w=421&amp;ssl=1 421w, https:\/\/i0.wp.com\/www.flowtrips.com\/wp-content\/uploads\/2021\/07\/imagen_2021-07-16_150526.png?resize=300%2C300&amp;ssl=1 300w, https:\/\/i0.wp.com\/www.flowtrips.com\/wp-content\/uploads\/2021\/07\/imagen_2021-07-16_150526.png?resize=150%2C150&amp;ssl=1 150w\" sizes=\"(max-width: 421px) 100vw, 421px\" \/><\/figure><\/div>\n\n\n\n<h2 class=\"has-text-align-center ghostkit-custom-2qrxC6 wp-block-heading\"> Cato<\/h2>\n\n\n\n<p class=\"has-text-align-center has-text-color\" style=\"color:#bbbbbb\">Guia<\/p>\n\n\n\n<p class=\"has-text-align-center\"><span style=\"color:#80898e\" class=\"has-inline-color\">Cato es un aventurero de nacimiento. De ni\u00f1o pasaba sus d\u00edas jugando en los r\u00e1pidos de los r\u00edos y en el bosque, buscando animales debajo de los troncos de los \u00e1rboles.<br>Trabaja como gu\u00eda de aventuras y naturaleza desde hace 6 a\u00f1os. Ha trabajado en el r\u00edo Caj\u00f3n del Maipo en Chile y en toda Costa Rica.<br>Cato es un amante de la naturaleza, su lugar favorito en Costa Rica es Ca\u00f1o Negro, un refugio de vida silvestre que alberga toneladas de fauna.<br>En su tiempo libre le encanta ir a pescar y hacer algunos descensos en bicicleta.<br>Un d\u00eda de 2015 estaba en el bosque y Jaguar pas\u00f3 frente a \u00e9l, esa fue una de sus experiencias m\u00e1s asombrosas.<br>\u00c9l est\u00e1 feliz de ser gu\u00eda porque cada d\u00eda es diferente y la rutina no es una opci\u00f3n, siempre hay nuevas historias que contar.<\/span><\/p>\n<\/div><\/div>\n<\/div><\/div>\n\n\n\n<div class=\"ghostkit-grid ghostkit-grid-gap-md\"><div class=\"ghostkit-grid-inner\">\n<div class=\"ghostkit-col ghostkit-col-md-12 ghostkit-col-4\"><div class=\"ghostkit-col-content is-layout-flow wp-block-ghostkit-grid-column-is-layout-flow\">\n<div class=\"wp-block-image\"><figure class=\"aligncenter size-large\"><img data-recalc-dims=\"1\" loading=\"lazy\" decoding=\"async\" width=\"1024\" height=\"1024\" src=\"https:\/\/i0.wp.com\/www.flowtrips.com\/wp-content\/uploads\/2021\/07\/Untitled-design-17.png?resize=1024%2C1024&#038;ssl=1\" alt=\"\" class=\"wp-image-3638\" srcset=\"https:\/\/i0.wp.com\/www.flowtrips.com\/wp-content\/uploads\/2021\/07\/Untitled-design-17.png?resize=1024%2C1024&amp;ssl=1 1024w, https:\/\/i0.wp.com\/www.flowtrips.com\/wp-content\/uploads\/2021\/07\/Untitled-design-17.png?resize=300%2C300&amp;ssl=1 300w, https:\/\/i0.wp.com\/www.flowtrips.com\/wp-content\/uploads\/2021\/07\/Untitled-design-17.png?resize=150%2C150&amp;ssl=1 150w, https:\/\/i0.wp.com\/www.flowtrips.com\/wp-content\/uploads\/2021\/07\/Untitled-design-17.png?resize=768%2C768&amp;ssl=1 768w, https:\/\/i0.wp.com\/www.flowtrips.com\/wp-content\/uploads\/2021\/07\/Untitled-design-17.png?w=1080&amp;ssl=1 1080w\" sizes=\"(max-width: 1024px) 100vw, 1024px\" \/><\/figure><\/div>\n\n\n\n<h2 class=\"has-text-align-center ghostkit-custom-ZnKCoN wp-block-heading\">Johnny<\/h2>\n\n\n\n<p class=\"has-text-align-center has-text-color\" style=\"color:#bbbbbb\">Gerente\/Guia<\/p>\n\n\n\n<p class=\"has-text-align-center\"><span style=\"color:#7c8389\" class=\"has-inline-color\">Johnny es el fundador de Flow Trips. Creci\u00f3 en Turrialba, comenz\u00f3 su carrera como gu\u00eda en los famosos R\u00edo Pacuare y Reventaz\u00f3n all\u00e1 por 1995. Ha trabajado como gu\u00eda tur\u00edstico en pa\u00edses como Zambia, (\u00c1frica) Chile y por supuesto Costa Rica. Ha capacitado gu\u00edas de rafting en Costa Rica, But\u00e1n y Honduras. Toda esta experiencia ha sido de gran aporte para construir su propia empresa y llevar a muchos visitantes a vivir experiencias \u00fanicas.<br>Fue certificado como IRF (Rafting Instructor) pero su pasi\u00f3n por la naturaleza siempre ha tenido mucho peso, raz\u00f3n por la cual tambi\u00e9n fue certificado como Gu\u00eda Naturalista, desde entonces su visi\u00f3n ha sido formar gu\u00edas certificados polivalentes para generar experiencias de aventura, sino tambi\u00e9n para orientar y comprender la naturaleza que nos rodea.<br>\u00a1Gracias por confiar en Flow Trips para ser su empresa de aventura y naturalismo en Costa Rica! \u00a1Bienvenido!<\/span><\/p>\n<\/div><\/div>\n\n\n\n<div class=\"ghostkit-col ghostkit-col-md-12 ghostkit-col-4\"><div class=\"ghostkit-col-content is-layout-flow wp-block-ghostkit-grid-column-is-layout-flow\">\n<div class=\"wp-block-image\"><figure class=\"aligncenter size-large\"><img data-recalc-dims=\"1\" loading=\"lazy\" decoding=\"async\" width=\"1024\" height=\"1024\" src=\"https:\/\/i0.wp.com\/www.flowtrips.com\/wp-content\/uploads\/2021\/07\/Untitled-design-13.png?resize=1024%2C1024&#038;ssl=1\" alt=\"\" class=\"wp-image-3640\" srcset=\"https:\/\/i0.wp.com\/www.flowtrips.com\/wp-content\/uploads\/2021\/07\/Untitled-design-13.png?resize=1024%2C1024&amp;ssl=1 1024w, https:\/\/i0.wp.com\/www.flowtrips.com\/wp-content\/uploads\/2021\/07\/Untitled-design-13.png?resize=300%2C300&amp;ssl=1 300w, https:\/\/i0.wp.com\/www.flowtrips.com\/wp-content\/uploads\/2021\/07\/Untitled-design-13.png?resize=150%2C150&amp;ssl=1 150w, https:\/\/i0.wp.com\/www.flowtrips.com\/wp-content\/uploads\/2021\/07\/Untitled-design-13.png?resize=768%2C768&amp;ssl=1 768w, https:\/\/i0.wp.com\/www.flowtrips.com\/wp-content\/uploads\/2021\/07\/Untitled-design-13.png?w=1080&amp;ssl=1 1080w\" sizes=\"(max-width: 1024px) 100vw, 1024px\" \/><\/figure><\/div>\n\n\n\n<h2 class=\"has-text-align-center ghostkit-custom-18GR86 wp-block-heading\">Mey<\/h2>\n\n\n\n<p class=\"has-text-align-center has-text-color\" style=\"color:#bbbbbb\">Guia<\/p>\n\n\n\n<p class=\"has-text-align-center\"><span style=\"color:#7f878e\" class=\"has-inline-color\">Mei es el abuelo de la empresa. Le tenemos un cari\u00f1o especial.<br>Tiene 33 a\u00f1os de experiencia \u2026 \u00a1No intentes adivinar su edad, porque no la parece!<br>Es originario de Guanacaste, creci\u00f3 muy cerca del mar y por eso le encanta el agua. Ha trabajado en Texas USA y en todo Costa Rica.<br>Le apasiona el f\u00fatbol, \u200b\u200bsu comida favorita son los mariscos (y por eso se mantiene tan saludable)<br>Su experiencia m\u00e1s notable fue ver a un Jaguar en una caminata nocturna.<br>De ni\u00f1o so\u00f1aba con ser pescador, pero ser gu\u00eda se convirti\u00f3 en su pasi\u00f3n de adulto.<br>Su satisfacci\u00f3n como gu\u00eda es ver a sus clientes felices y emocionados por la experiencia.<\/span><\/p>\n<\/div><\/div>\n\n\n\n<div class=\"ghostkit-col ghostkit-col-md-12 ghostkit-col-4\"><div class=\"ghostkit-col-content is-layout-flow wp-block-ghostkit-grid-column-is-layout-flow\">\n<div class=\"wp-block-image\"><figure class=\"aligncenter size-large\"><img data-recalc-dims=\"1\" loading=\"lazy\" decoding=\"async\" width=\"1024\" height=\"1024\" src=\"https:\/\/i0.wp.com\/www.flowtrips.com\/wp-content\/uploads\/2021\/07\/Untitled-design-16.png?resize=1024%2C1024&#038;ssl=1\" alt=\"\" class=\"wp-image-3642\" srcset=\"https:\/\/i0.wp.com\/www.flowtrips.com\/wp-content\/uploads\/2021\/07\/Untitled-design-16.png?resize=1024%2C1024&amp;ssl=1 1024w, https:\/\/i0.wp.com\/www.flowtrips.com\/wp-content\/uploads\/2021\/07\/Untitled-design-16.png?resize=300%2C300&amp;ssl=1 300w, https:\/\/i0.wp.com\/www.flowtrips.com\/wp-content\/uploads\/2021\/07\/Untitled-design-16.png?resize=150%2C150&amp;ssl=1 150w, https:\/\/i0.wp.com\/www.flowtrips.com\/wp-content\/uploads\/2021\/07\/Untitled-design-16.png?resize=768%2C768&amp;ssl=1 768w, https:\/\/i0.wp.com\/www.flowtrips.com\/wp-content\/uploads\/2021\/07\/Untitled-design-16.png?w=1080&amp;ssl=1 1080w\" sizes=\"(max-width: 1024px) 100vw, 1024px\" \/><\/figure><\/div>\n\n\n\n<h2 class=\"has-text-align-center ghostkit-custom-Z2oKphM wp-block-heading\"> Luis<\/h2>\n\n\n\n<p class=\"has-text-align-center has-text-color\" style=\"color:#bbbbbb\">Guia<\/p>\n\n\n\n<p class=\"has-text-align-center\"><span style=\"color:#7b8389\" class=\"has-inline-color\">Luis literalmente creci\u00f3 entre los r\u00e1pidos del r\u00edo Sarapiqu\u00ed, de donde es originario.<br>Ha trabajado como gu\u00eda durante 12 a\u00f1os y ha tenido la experiencia de trabajar en los r\u00e1pidos de California, EE. UU.<br>Lu\u00eds ama la naturaleza y una de sus actividades favoritas es la observaci\u00f3n de aves.<br>Ha participado en competencias de Kayak y su tour favorito es el Rafting.<br>Luis se convirti\u00f3 en gu\u00eda gracias a que su padre le ense\u00f1\u00f3 a amar la naturaleza, de ni\u00f1o lo llevaba a acampar y esos recuerdos se convirtieron en una parte muy importante de su vida.<\/span><\/p>\n<\/div><\/div>\n<\/div><\/div>\n\n\n\n<p><\/p>\n","protected":false},"excerpt":{"rendered":"<p>Una compa\u00f1\u00eda que ha revolucionado la manera de hacer viajes de aventura y naturalismo en Costa Rica. Nuestra experiencia en r\u00edos, viajes de&nbsp; Kayak en el mar y naturalismo es uno de los beneficios por lo que se debe escoger Flow Trips, contando con el mejor equipo humano y especialmente cuando se trata de Rafting, &#8230; <a title=\"Nosotros\" class=\"read-more\" href=\"https:\/\/www.flowtrips.com\/es\/nosotros\/\">Read more<\/a><\/p>\n","protected":false},"author":1,"featured_media":3635,"parent":0,"menu_order":12,"comment_status":"closed","ping_status":"closed","template":"","meta":{"ghostkit_customizer_options":"","ghostkit_custom_css":"","ghostkit_custom_js_head":"","ghostkit_custom_js_foot":"","ghostkit_typography":"","_joinchat":[],"footnotes":""},"class_list":["post-1199","page","type-page","status-publish","has-post-thumbnail"],"yoast_head":"<!-- This site is optimized with the Yoast SEO plugin v27.2 - https:\/\/yoast.com\/product\/yoast-seo-wordpress\/ -->\n<title>Nosotros - Flow Trips Costa Rica, Mar, Rafting, Biking Kayaking<\/title>\n<meta name=\"description\" content=\"Uno de nuestros ases es nuestro altamente calificado equipo de Gu\u00edas, profesionales y amantes de la naturaleza, ellos cuentan con grandes habilidades.\" \/>\n<meta name=\"robots\" content=\"index, follow, max-snippet:-1, max-image-preview:large, max-video-preview:-1\" \/>\n<link rel=\"canonical\" href=\"https:\/\/www.flowtrips.com\/es\/nosotros\/\" \/>\n<meta property=\"og:locale\" content=\"es_ES\" \/>\n<meta property=\"og:type\" content=\"article\" \/>\n<meta property=\"og:title\" content=\"Nosotros - Flow Trips Costa Rica, Mar, Rafting, Biking Kayaking\" \/>\n<meta property=\"og:description\" content=\"Uno de nuestros ases es nuestro altamente calificado equipo de Gu\u00edas, profesionales y amantes de la naturaleza, ellos cuentan con grandes habilidades.\" \/>\n<meta property=\"og:url\" content=\"https:\/\/www.flowtrips.com\/es\/nosotros\/\" \/>\n<meta property=\"og:site_name\" content=\"Flow Trips\" \/>\n<meta property=\"article:modified_time\" content=\"2021-10-12T22:05:35+00:00\" \/>\n<meta property=\"og:image\" content=\"https:\/\/www.flowtrips.com\/wp-content\/uploads\/2021\/07\/409A2951-copy.jpg\" \/>\n\t<meta property=\"og:image:width\" content=\"2560\" \/>\n\t<meta property=\"og:image:height\" content=\"1362\" \/>\n\t<meta property=\"og:image:type\" content=\"image\/jpeg\" \/>\n<meta name=\"twitter:card\" content=\"summary_large_image\" \/>\n<meta name=\"twitter:label1\" content=\"Tiempo de lectura\" \/>\n\t<meta name=\"twitter:data1\" content=\"6 minutos\" \/>\n<script type=\"application\/ld+json\" class=\"yoast-schema-graph\">{\"@context\":\"https:\/\/schema.org\",\"@graph\":[{\"@type\":\"WebPage\",\"@id\":\"https:\/\/www.flowtrips.com\/es\/nosotros\/\",\"url\":\"https:\/\/www.flowtrips.com\/es\/nosotros\/\",\"name\":\"Nosotros - Flow Trips Costa Rica, Mar, Rafting, Biking Kayaking\",\"isPartOf\":{\"@id\":\"https:\/\/www.flowtrips.com\/#website\"},\"primaryImageOfPage\":{\"@id\":\"https:\/\/www.flowtrips.com\/es\/nosotros\/#primaryimage\"},\"image\":{\"@id\":\"https:\/\/www.flowtrips.com\/es\/nosotros\/#primaryimage\"},\"thumbnailUrl\":\"https:\/\/i0.wp.com\/www.flowtrips.com\/wp-content\/uploads\/2021\/07\/409A2951-copy.jpg?fit=2560%2C1362&ssl=1\",\"datePublished\":\"2019-11-14T23:02:49+00:00\",\"dateModified\":\"2021-10-12T22:05:35+00:00\",\"description\":\"Uno de nuestros ases es nuestro altamente calificado equipo de Gu\u00edas, profesionales y amantes de la naturaleza, ellos cuentan con grandes habilidades.\",\"breadcrumb\":{\"@id\":\"https:\/\/www.flowtrips.com\/es\/nosotros\/#breadcrumb\"},\"inLanguage\":\"es\",\"potentialAction\":[{\"@type\":\"ReadAction\",\"target\":[\"https:\/\/www.flowtrips.com\/es\/nosotros\/\"]}]},{\"@type\":\"ImageObject\",\"inLanguage\":\"es\",\"@id\":\"https:\/\/www.flowtrips.com\/es\/nosotros\/#primaryimage\",\"url\":\"https:\/\/i0.wp.com\/www.flowtrips.com\/wp-content\/uploads\/2021\/07\/409A2951-copy.jpg?fit=2560%2C1362&ssl=1\",\"contentUrl\":\"https:\/\/i0.wp.com\/www.flowtrips.com\/wp-content\/uploads\/2021\/07\/409A2951-copy.jpg?fit=2560%2C1362&ssl=1\",\"width\":2560,\"height\":1362},{\"@type\":\"BreadcrumbList\",\"@id\":\"https:\/\/www.flowtrips.com\/es\/nosotros\/#breadcrumb\",\"itemListElement\":[{\"@type\":\"ListItem\",\"position\":1,\"name\":\"Home\",\"item\":\"https:\/\/www.flowtrips.com\/es\/\"},{\"@type\":\"ListItem\",\"position\":2,\"name\":\"Nosotros\"}]},{\"@type\":\"WebSite\",\"@id\":\"https:\/\/www.flowtrips.com\/#website\",\"url\":\"https:\/\/www.flowtrips.com\/\",\"name\":\"Flow Trips\",\"description\":\"Costa Rican Rafting, Twilight Safari, Kayaking, Hiking and Safari Tours in Arenal Volcano\",\"potentialAction\":[{\"@type\":\"SearchAction\",\"target\":{\"@type\":\"EntryPoint\",\"urlTemplate\":\"https:\/\/www.flowtrips.com\/?s={search_term_string}\"},\"query-input\":{\"@type\":\"PropertyValueSpecification\",\"valueRequired\":true,\"valueName\":\"search_term_string\"}}],\"inLanguage\":\"es\"}]}<\/script>\n<!-- \/ Yoast SEO plugin. -->","yoast_head_json":{"title":"Nosotros - Flow Trips Costa Rica, Mar, Rafting, Biking Kayaking","description":"Uno de nuestros ases es nuestro altamente calificado equipo de Gu\u00edas, profesionales y amantes de la naturaleza, ellos cuentan con grandes habilidades.","robots":{"index":"index","follow":"follow","max-snippet":"max-snippet:-1","max-image-preview":"max-image-preview:large","max-video-preview":"max-video-preview:-1"},"canonical":"https:\/\/www.flowtrips.com\/es\/nosotros\/","og_locale":"es_ES","og_type":"article","og_title":"Nosotros - Flow Trips Costa Rica, Mar, Rafting, Biking Kayaking","og_description":"Uno de nuestros ases es nuestro altamente calificado equipo de Gu\u00edas, profesionales y amantes de la naturaleza, ellos cuentan con grandes habilidades.","og_url":"https:\/\/www.flowtrips.com\/es\/nosotros\/","og_site_name":"Flow Trips","article_modified_time":"2021-10-12T22:05:35+00:00","og_image":[{"width":2560,"height":1362,"url":"https:\/\/www.flowtrips.com\/wp-content\/uploads\/2021\/07\/409A2951-copy.jpg","type":"image\/jpeg"}],"twitter_card":"summary_large_image","twitter_misc":{"Tiempo de lectura":"6 minutos"},"schema":{"@context":"https:\/\/schema.org","@graph":[{"@type":"WebPage","@id":"https:\/\/www.flowtrips.com\/es\/nosotros\/","url":"https:\/\/www.flowtrips.com\/es\/nosotros\/","name":"Nosotros - Flow Trips Costa Rica, Mar, Rafting, Biking Kayaking","isPartOf":{"@id":"https:\/\/www.flowtrips.com\/#website"},"primaryImageOfPage":{"@id":"https:\/\/www.flowtrips.com\/es\/nosotros\/#primaryimage"},"image":{"@id":"https:\/\/www.flowtrips.com\/es\/nosotros\/#primaryimage"},"thumbnailUrl":"https:\/\/i0.wp.com\/www.flowtrips.com\/wp-content\/uploads\/2021\/07\/409A2951-copy.jpg?fit=2560%2C1362&ssl=1","datePublished":"2019-11-14T23:02:49+00:00","dateModified":"2021-10-12T22:05:35+00:00","description":"Uno de nuestros ases es nuestro altamente calificado equipo de Gu\u00edas, profesionales y amantes de la naturaleza, ellos cuentan con grandes habilidades.","breadcrumb":{"@id":"https:\/\/www.flowtrips.com\/es\/nosotros\/#breadcrumb"},"inLanguage":"es","potentialAction":[{"@type":"ReadAction","target":["https:\/\/www.flowtrips.com\/es\/nosotros\/"]}]},{"@type":"ImageObject","inLanguage":"es","@id":"https:\/\/www.flowtrips.com\/es\/nosotros\/#primaryimage","url":"https:\/\/i0.wp.com\/www.flowtrips.com\/wp-content\/uploads\/2021\/07\/409A2951-copy.jpg?fit=2560%2C1362&ssl=1","contentUrl":"https:\/\/i0.wp.com\/www.flowtrips.com\/wp-content\/uploads\/2021\/07\/409A2951-copy.jpg?fit=2560%2C1362&ssl=1","width":2560,"height":1362},{"@type":"BreadcrumbList","@id":"https:\/\/www.flowtrips.com\/es\/nosotros\/#breadcrumb","itemListElement":[{"@type":"ListItem","position":1,"name":"Home","item":"https:\/\/www.flowtrips.com\/es\/"},{"@type":"ListItem","position":2,"name":"Nosotros"}]},{"@type":"WebSite","@id":"https:\/\/www.flowtrips.com\/#website","url":"https:\/\/www.flowtrips.com\/","name":"Flow Trips","description":"Costa Rican Rafting, Twilight Safari, Kayaking, Hiking and Safari Tours in Arenal Volcano","potentialAction":[{"@type":"SearchAction","target":{"@type":"EntryPoint","urlTemplate":"https:\/\/www.flowtrips.com\/?s={search_term_string}"},"query-input":{"@type":"PropertyValueSpecification","valueRequired":true,"valueName":"search_term_string"}}],"inLanguage":"es"}]}},"jetpack_sharing_enabled":true,"_links":{"self":[{"href":"https:\/\/www.flowtrips.com\/es\/wp-json\/wp\/v2\/pages\/1199","targetHints":{"allow":["GET"]}}],"collection":[{"href":"https:\/\/www.flowtrips.com\/es\/wp-json\/wp\/v2\/pages"}],"about":[{"href":"https:\/\/www.flowtrips.com\/es\/wp-json\/wp\/v2\/types\/page"}],"author":[{"embeddable":true,"href":"https:\/\/www.flowtrips.com\/es\/wp-json\/wp\/v2\/users\/1"}],"replies":[{"embeddable":true,"href":"https:\/\/www.flowtrips.com\/es\/wp-json\/wp\/v2\/comments?post=1199"}],"version-history":[{"count":15,"href":"https:\/\/www.flowtrips.com\/es\/wp-json\/wp\/v2\/pages\/1199\/revisions"}],"predecessor-version":[{"id":3958,"href":"https:\/\/www.flowtrips.com\/es\/wp-json\/wp\/v2\/pages\/1199\/revisions\/3958"}],"wp:featuredmedia":[{"embeddable":true,"href":"https:\/\/www.flowtrips.com\/es\/wp-json\/wp\/v2\/media\/3635"}],"wp:attachment":[{"href":"https:\/\/www.flowtrips.com\/es\/wp-json\/wp\/v2\/media?parent=1199"}],"curies":[{"name":"wp","href":"https:\/\/api.w.org\/{rel}","templated":true}]}}